{"id":16,"date":"2019-11-28T08:50:12","date_gmt":"2019-11-28T08:50:12","guid":{"rendered":"http:\/\/inspiring-nature.com\/?page_id=16"},"modified":"2025-10-13T07:34:53","modified_gmt":"2025-10-13T07:34:53","slug":"blog","status":"publish","type":"page","link":"https:\/\/inspiring-nature.com\/?page_id=16","title":{"rendered":"Who I am &#8211; Jan Rosenboom"},"content":{"rendered":"\n<div class=\"wp-block-group\"><div class=\"wp-block-group__inner-container is-layout-flow wp-block-group-is-layout-flow\">\n<figure class=\"wp-block-image size-large is-style-rounded\"><img loading=\"lazy\" decoding=\"async\" width=\"1024\" height=\"683\" src=\"https:\/\/inspiring-nature.com\/wp-content\/uploads\/2023\/10\/grafik-1-1024x683.png\" alt=\"\" class=\"wp-image-295\" srcset=\"https:\/\/inspiring-nature.com\/wp-content\/uploads\/2023\/10\/grafik-1-1024x683.png 1024w, https:\/\/inspiring-nature.com\/wp-content\/uploads\/2023\/10\/grafik-1-300x200.png 300w, https:\/\/inspiring-nature.com\/wp-content\/uploads\/2023\/10\/grafik-1-768x512.png 768w, https:\/\/inspiring-nature.com\/wp-content\/uploads\/2023\/10\/grafik-1-1536x1024.png 1536w, https:\/\/inspiring-nature.com\/wp-content\/uploads\/2023\/10\/grafik-1-2048x1365.png 2048w, https:\/\/inspiring-nature.com\/wp-content\/uploads\/2023\/10\/grafik-1-1240x827.png 1240w, https:\/\/inspiring-nature.com\/wp-content\/uploads\/2023\/10\/grafik-1-508x339.png 508w\" sizes=\"auto, (max-width: 1024px) 100vw, 1024px\" \/><\/figure>\n\n\n\n<p>Hi, <\/p>\n\n\n\n<p>my name is Jan Rosenboom, I am 28 years old and recently finished my Phd in inorganic chemistry.<\/p>\n\n\n\n<p>Microscopy has been one of my hobbies and biggest passions for a long time now.  All started when I got my first microscope from my parents as a kid and was instantly captivated by the microscopic world. Soon after, aged about 15 I bought my first &#8220;real&#8221; instrument, a more than 50 year old Zeiss microscope and quickly got into image stacking and insect photography. <\/p>\n\n\n\n<p>For the next years I basically photographed every insect I could using my old Zeiss microscope and an ever expanding collection of objectives etc. <\/p>\n\n\n\n<p>I started taking part in photography competitions and one of the highlights was definitely when I was awarded the 4th place in <a href=\"https:\/\/www.nikonsmallworld.com\/galleries\/2019-photomicrography-competition\/male-mosquito\" target=\"_blank\" rel=\"noopener\"><strong>Nikon Small World 2019<\/strong><\/a> with a photo of a mosquito. <\/p>\n\n\n\n<p>A few years ago I saw a photo of one of the beautiful diatom arrangements by <a href=\"https:\/\/www.nikonsmallworld.com\/galleries\/2008-photomicrography-competition\/diatoms-from-an-1891-j.d.-moeller-arrangement\" target=\"_blank\" rel=\"noopener\">J.D. M\u00f6ller<\/a> and made it my mission to also create such diatom slides. Little did I know then what was ahead of me. <\/p>\n\n\n\n<p>I soon started making <a href=\"https:\/\/inspiring-nature.com\/?p=249\">diatom arrangements<\/a> myself and embarked onto a journey into diatoms, patience, steady hands, beauty of nature but also failures.<\/p>\n\n\n\n<p>Thanks to the help of a good friend from Hamburg \ud83d\ude09 I managed to make quick progress and stay sane even when I sometimes destroyed the work of dozens of hours of diatom arranging with the tip of a finger. <\/p>\n\n\n\n<p>To this day I am fascinated by the myriads of forms <a href=\"https:\/\/inspiring-nature.com\/?p=286\">diatoms<\/a> can take and look at them almost every day through my microscope. <\/p>\n\n\n\n<p>Besides microscopy I love chemistry, climbing and reading. <\/p>\n\n\n\n<p class=\"has-text-align-center has-large-font-size\"><strong>What is image stacking?<\/strong> <strong>\/<\/strong> <strong>Was ist Focusstacking?<\/strong> <\/p>\n\n\n\n<figure class=\"wp-block-gallery has-nested-images columns-4 is-cropped wp-block-gallery-1 is-layout-flex wp-block-gallery-is-layout-flex\">\n<figure class=\"wp-block-image size-large\"><img loading=\"lazy\" decoding=\"async\" width=\"179\" height=\"269\" src=\"https:\/\/inspiring-nature.com\/wp-content\/uploads\/2019\/12\/stacking4-rotated-e1576230629481.jpg\" alt=\"\" class=\"wp-image-186\"\/><\/figure>\n\n\n\n<figure class=\"wp-block-image size-large\"><img loading=\"lazy\" decoding=\"async\" width=\"179\" height=\"269\" src=\"https:\/\/inspiring-nature.com\/wp-content\/uploads\/2019\/12\/stacking3-rotated-e1576230618666.jpg\" alt=\"\" class=\"wp-image-185\"\/><\/figure>\n\n\n\n<figure class=\"wp-block-image size-large\"><img loading=\"lazy\" decoding=\"async\" width=\"179\" height=\"269\" src=\"https:\/\/inspiring-nature.com\/wp-content\/uploads\/2019\/12\/stacking2-rotated-e1576230624397.jpg\" alt=\"\" class=\"wp-image-184\"\/><\/figure>\n\n\n\n<figure class=\"wp-block-image size-large\"><img loading=\"lazy\" decoding=\"async\" width=\"179\" height=\"269\" src=\"https:\/\/inspiring-nature.com\/wp-content\/uploads\/2019\/12\/stacking1-rotated-e1576230606283.jpg\" alt=\"\" class=\"wp-image-183\"\/><\/figure>\n\n\n\n<figure class=\"wp-block-image size-large\"><img loading=\"lazy\" decoding=\"async\" width=\"683\" height=\"1024\" src=\"https:\/\/inspiring-nature.com\/wp-content\/uploads\/2019\/12\/bremse3-683x1024.jpg\" alt=\"\" class=\"wp-image-182\" srcset=\"https:\/\/inspiring-nature.com\/wp-content\/uploads\/2019\/12\/bremse3-683x1024.jpg 683w, https:\/\/inspiring-nature.com\/wp-content\/uploads\/2019\/12\/bremse3-200x300.jpg 200w, https:\/\/inspiring-nature.com\/wp-content\/uploads\/2019\/12\/bremse3-768x1152.jpg 768w, https:\/\/inspiring-nature.com\/wp-content\/uploads\/2019\/12\/bremse3.jpg 1024w\" sizes=\"auto, (max-width: 683px) 100vw, 683px\" \/><\/figure>\n<\/figure>\n<\/div><\/div>\n\n\n\n<p>In a normal microscopic photo, only a narrow area of a three-dimensional object such as an insect or a diatom is in focus. Only a thin layer is sharp and the further away parts of the object are from this layer, the more blurred they appear. In focusstacking, a large number (up to several hundred) of photos of the object are taken at different sharpness settings and processed by a computer programme to produce a completely sharp overall image.<\/p>\n\n\n\n<p>The object is scanned from top to bottom with the help of the microscope&#8217;s focus drive until every layer is captured. Then stacking software recognises the sharp areas of the individual images and stacks them into a single, completely sharp photo. Since up to several hundred raw photos with very small distances are used for a single shot, the programme needs a time of up to several hours to calculate such a sharp final image, depending on the distance between and thus the number of raw photos.<\/p>\n\n\n\n<p><\/p>\n\n\n\n<p><\/p>\n\n\n\n<p>Bei einem normalen  mikroskopischen Foto wird lediglich auf einen schmalen Bereich eines  dreidimensionalen Objektes wie eines Insektes oder einer Diatomee scharfgestellt. Nur eine  d\u00fcnne Ebene ist scharf und je weiter Teile des Objektes von dieser Ebene  entfernt sind, desto unsch\u00e4rfer erscheinen sie. Beim Focusstacking werden nun sehr viele (bis zu mehrerer hundert) Fotos des  Objektes in verschiedenen Sch\u00e4rfeeinstellungen angefertigt und mit einem  Computerprogramm zu einem vollst\u00e4ndig scharfen Gesamtbild verrechnet.<\/p>\n\n\n\n<p>Das Objekt wird mithilfe der Triebe des Mikroskops (grob und fein) von oben bis unten durchwandert bis jede  Ebene festgehalten ist. Danach erkennt ein Computerprogramm die scharfen  Bereiche der einzelnen Bilder und stapelt diese zu einem einzigen,  vollst\u00e4ndig scharfen Foto. Da f\u00fcr eine einzige Aufnahme sehr biele Rohfotos mit sehr geringen Abst\u00e4nden verwendet werden, ben\u00f6tigt das  Programm f\u00fcr das Errechnen eines solchen scharfen Endbildes eine Zeit  von bis zu einigen Stunden je nach Abstand und damit der Anzahl der  Rohaufnahmen.                        <\/p>\n","protected":false},"excerpt":{"rendered":"<p>Hi, my name is Jan Rosenboom, I am 28 years old and recently finished my Phd in inorganic chemistry. Microscopy has been one of my hobbies and biggest passions for a long time now. All started when I got my first microscope from my parents as a kid and was instantly captivated by the microscopic [&hellip;]<\/p>\n","protected":false},"author":1,"featured_media":0,"parent":0,"menu_order":0,"comment_status":"closed","ping_status":"closed","template":"","meta":{"sfsi_plus_gutenberg_text_before_share":"","sfsi_plus_gutenberg_show_text_before_share":"","sfsi_plus_gutenberg_icon_type":"","sfsi_plus_gutenberg_icon_alignemt":"","sfsi_plus_gutenburg_max_per_row":"","footnotes":""},"class_list":["post-16","page","type-page","status-publish","hentry"],"_links":{"self":[{"href":"https:\/\/inspiring-nature.com\/index.php?rest_route=\/wp\/v2\/pages\/16","targetHints":{"allow":["GET"]}}],"collection":[{"href":"https:\/\/inspiring-nature.com\/index.php?rest_route=\/wp\/v2\/pages"}],"about":[{"href":"https:\/\/inspiring-nature.com\/index.php?rest_route=\/wp\/v2\/types\/page"}],"author":[{"embeddable":true,"href":"https:\/\/inspiring-nature.com\/index.php?rest_route=\/wp\/v2\/users\/1"}],"replies":[{"embeddable":true,"href":"https:\/\/inspiring-nature.com\/index.php?rest_route=%2Fwp%2Fv2%2Fcomments&post=16"}],"version-history":[{"count":16,"href":"https:\/\/inspiring-nature.com\/index.php?rest_route=\/wp\/v2\/pages\/16\/revisions"}],"predecessor-version":[{"id":374,"href":"https:\/\/inspiring-nature.com\/index.php?rest_route=\/wp\/v2\/pages\/16\/revisions\/374"}],"wp:attachment":[{"href":"https:\/\/inspiring-nature.com\/index.php?rest_route=%2Fwp%2Fv2%2Fmedia&parent=16"}],"curies":[{"name":"wp","href":"https:\/\/api.w.org\/{rel}","templated":true}]}}