{"id":15,"date":"2019-11-28T08:50:12","date_gmt":"2019-11-28T08:50:12","guid":{"rendered":"http:\/\/inspiring-nature.com\/?page_id=15"},"modified":"2025-04-09T08:47:50","modified_gmt":"2025-04-09T08:47:50","slug":"gallery","status":"publish","type":"page","link":"https:\/\/inspiring-nature.com\/?page_id=15","title":{"rendered":"gallery"},"content":{"rendered":"\n<div class=\"wp-block-ftg-gallery\"><!-- Final Tiles Grid Gallery for WordPress v3.5.8 free --><style>#ftg-11 .tile .icon { color:#ffffff; }#ftg-11 .ftg-items .loading-bar i { background:#666; }#ftg-11 .ftg-items .loading-bar { background:#fff; }#ftg-11 .tile .icon { font-size:12px; }#ftg-11 .tile .icon { margin: -6px 0 0 -6px; }#ftg-11 .tile .caption-block .text-wrapper span.text { font-size:12px; }#ftg-11 .tile .caption-outside .text-wrapper span.text { font-size:12px; }#ftg-11 .tile .caption-block .text-wrapper span.title { font-size:14px; }#ftg-11 .tile .caption-outside .text-wrapper span.title { font-size:14px; }#ftg-11 .tile { background-color: transparent; }#ftg-11 .tile .caption-block .text-wrapper span.text { color: #ffffff; }#ftg-11 .tile .caption-block .text-wrapper span.title { color: #ffffff; }#ftg-11 .tile .caption-outside .text-wrapper span.text { color: #ffffff; }#ftg-11 .tile .caption-outside .text-wrapper span.title { color: #ffffff; }#ftg-11 .tile .ftg-social a { color: #ffffff; }#ftg-11 .tile .caption-block { transition-duration:0.25s; }#ftg-11 .tile .tile-inner:before { background-color: #000000; }#ftg-11 .tile .tile-inner:before { background-color: rgba(0, 0, 0, 0.8); }#ftg-11 .tile:hover img {-moz-transform: -moz-rotate(0deg) -moz-scale(0) ;-webkit-transform: -webkit-rotate(0deg) -webkit-scale(0) ;-o-transform: -o-rotate(0deg) -o-scale(0) ;-ms-transform: -ms-rotate(0deg) -ms-scale(0) ;transform: rotate(0deg) scale(0) ;}<\/style><a name='1'><\/a><div class='final-tiles-gallery  ftg-hover-enabled caption-inside  caption-none caption-middle caption-center' id='ftg-11' style='width:120%'><div class='ftg-items'><div class='loading-bar'><i><\/i><\/div><div  class='tile ftg-preload  '><a title=\"Sandlaufk\u00e4fer\" data-lightbox='ftg-11' rel='ftg-11'  class=' tile-inner  ftg-lightbox' href='https:\/\/inspiring-nature.com\/wp-content\/uploads\/2020\/04\/Sandlaufk\u00e4fer-5x-stitch-3-5k-1024x716.jpg' ><img alt='Sandlaufk\u00e4fer' class='item skip-lazy' data-class='item' data-ftg-source='http:\/\/inspiring-nature.com\/wp-content\/uploads\/2020\/04\/Sandlaufk\u00e4fer-5x-stitch-3-5k-1024x716.jpg' src='http:\/\/inspiring-nature.com\/wp-content\/uploads\/2020\/04\/Sandlaufk\u00e4fer-5x-stitch-3-5k-1024x716.jpg' width='2000' height='1398' \/><div class='caption-block'><div class='text-wrapper'><span class='title'>Sandlaufk\u00e4fer<\/span><\/div><\/div><\/a><div class='ftg-social'><\/div><\/div><div  class='tile ftg-preload  '><a title=\"D\u00fcnen Sandlaufk\u00e4fer \" data-lightbox='ftg-11' rel='ftg-11'  class=' tile-inner  ftg-lightbox' href='https:\/\/inspiring-nature.com\/wp-content\/uploads\/2020\/04\/D\u00fcnen-Sandlaufk\u00e4fer-5x-stitch-1-klein-1010x1024.jpg' ><img alt='D\u00fcnen Sandlaufk\u00e4fer ' class='item skip-lazy' data-class='item' data-ftg-source='http:\/\/inspiring-nature.com\/wp-content\/uploads\/2020\/04\/D\u00fcnen-Sandlaufk\u00e4fer-5x-stitch-1-klein-1010x1024.jpg' src='http:\/\/inspiring-nature.com\/wp-content\/uploads\/2020\/04\/D\u00fcnen-Sandlaufk\u00e4fer-5x-stitch-1-klein-1010x1024.jpg' width='1973' height='2000' \/><div class='caption-block'><div class='text-wrapper'><span class='title'>D\u00fcnen Sandlaufk\u00e4fer <\/span><\/div><\/div><\/a><div class='ftg-social'><\/div><\/div><div  class='tile ftg-preload  '><a title=\"Sandlaufk\u00e4fer 5x 2 stitch\" data-lightbox='ftg-11' rel='ftg-11'  class=' tile-inner  ftg-lightbox' href='https:\/\/inspiring-nature.com\/wp-content\/uploads\/2020\/04\/Sandlaufk\u00e4fer-5x-2-stitch-1002x1024.jpg' ><img alt='Sandlaufk\u00e4fer 5x 2 stitch' class='item skip-lazy' data-class='item' data-ftg-source='http:\/\/inspiring-nature.com\/wp-content\/uploads\/2020\/04\/Sandlaufk\u00e4fer-5x-2-stitch-1002x1024.jpg' src='http:\/\/inspiring-nature.com\/wp-content\/uploads\/2020\/04\/Sandlaufk\u00e4fer-5x-2-stitch-1002x1024.jpg' width='1957' height='2000' \/><div class='caption-block'><div class='text-wrapper'><span class='title'>Sandlaufk\u00e4fer 5x 2 stitch<\/span><\/div><\/div><\/a><div class='ftg-social'><\/div><\/div><div  class='tile ftg-preload  '><a title=\"Hedychrum intermedium 5x stitch 4k\" data-lightbox='ftg-11' rel='ftg-11'  class=' tile-inner  ftg-lightbox' href='https:\/\/inspiring-nature.com\/wp-content\/uploads\/2020\/04\/Hedychrum-intermedium-5x-stitch-4k-1024x736.jpg' ><img alt='Hedychrum intermedium 5x stitch 4k' class='item skip-lazy' data-class='item' data-ftg-source='http:\/\/inspiring-nature.com\/wp-content\/uploads\/2020\/04\/Hedychrum-intermedium-5x-stitch-4k-1024x736.jpg' src='http:\/\/inspiring-nature.com\/wp-content\/uploads\/2020\/04\/Hedychrum-intermedium-5x-stitch-4k-1024x736.jpg' width='2000' height='1437' \/><div class='caption-block'><div class='text-wrapper'><span class='title'>Hedychrum intermedium 5x stitch 4k<\/span><\/div><\/div><\/a><div class='ftg-social'><\/div><\/div><div  class='tile ftg-preload  '><a title=\"Hedychrum intermedium 6,3x stitch 1.1\" data-lightbox='ftg-11' rel='ftg-11'  class=' tile-inner  ftg-lightbox' href='https:\/\/inspiring-nature.com\/wp-content\/uploads\/2020\/04\/Hedychrum-intermedium-63x-stitch-1.1-1024x829.jpg' ><img alt='Hedychrum intermedium 6,3x stitch 1.1' class='item skip-lazy' data-class='item' data-ftg-source='http:\/\/inspiring-nature.com\/wp-content\/uploads\/2020\/04\/Hedychrum-intermedium-63x-stitch-1.1-1024x829.jpg' src='http:\/\/inspiring-nature.com\/wp-content\/uploads\/2020\/04\/Hedychrum-intermedium-63x-stitch-1.1-1024x829.jpg' width='2000' height='1619' \/><div class='caption-block'><div class='text-wrapper'><span class='title'>Hedychrum intermedium 6,3x stitch 1.1<\/span><\/div><\/div><\/a><div class='ftg-social'><\/div><\/div><div  class='tile ftg-preload  '><a title=\"Chrysis valida \" data-lightbox='ftg-11' rel='ftg-11'  class=' tile-inner  ftg-lightbox' href='https:\/\/inspiring-nature.com\/wp-content\/uploads\/2020\/04\/Chrysis-valida-5x-stitch-1-1024x525.jpg' ><img alt='Chrysis valida ' class='item skip-lazy' data-class='item' data-ftg-source='http:\/\/inspiring-nature.com\/wp-content\/uploads\/2020\/04\/Chrysis-valida-5x-stitch-1-1024x525.jpg' src='http:\/\/inspiring-nature.com\/wp-content\/uploads\/2020\/04\/Chrysis-valida-5x-stitch-1-1024x525.jpg' width='2000' height='1025' \/><div class='caption-block'><div class='text-wrapper'><span class='title'>Chrysis valida <\/span><\/div><\/div><\/a><div class='ftg-social'><\/div><\/div><div  class='tile ftg-preload  '><a title=\"Chrysis oingulicornis viennensis\" data-lightbox='ftg-11' rel='ftg-11'  class=' tile-inner  ftg-lightbox' href='https:\/\/inspiring-nature.com\/wp-content\/uploads\/2020\/04\/Chrysis-oingulicornis-viennensis-1024x543.jpg' ><img alt='Chrysis oingulicornis viennensis' class='item skip-lazy' data-class='item' data-ftg-source='http:\/\/inspiring-nature.com\/wp-content\/uploads\/2020\/04\/Chrysis-oingulicornis-viennensis-1024x543.jpg' src='http:\/\/inspiring-nature.com\/wp-content\/uploads\/2020\/04\/Chrysis-oingulicornis-viennensis-1024x543.jpg' width='1787' height='947' \/><div class='caption-block'><div class='text-wrapper'><span class='title'>Chrysis oingulicornis viennensis<\/span><\/div><\/div><\/a><div class='ftg-social'><\/div><\/div><div  class='tile ftg-preload  '><a title=\"Hedychrum intermedium \" data-lightbox='ftg-11' rel='ftg-11'  class=' tile-inner  ftg-lightbox' href='https:\/\/inspiring-nature.com\/wp-content\/uploads\/2020\/04\/Hedychrum-intermedium-5x-3-1024x914.jpg' ><img alt='Hedychrum intermedium ' class='item skip-lazy' data-class='item' data-ftg-source='http:\/\/inspiring-nature.com\/wp-content\/uploads\/2020\/04\/Hedychrum-intermedium-5x-3-1024x914.jpg' src='http:\/\/inspiring-nature.com\/wp-content\/uploads\/2020\/04\/Hedychrum-intermedium-5x-3-1024x914.jpg' width='2000' height='1786' \/><div class='caption-block'><div class='text-wrapper'><span class='title'>Hedychrum intermedium <\/span><\/div><\/div><\/a><div class='ftg-social'><\/div><\/div><div  class='tile ftg-preload  '><a title=\"Chrysis longula\" data-lightbox='ftg-11' rel='ftg-11'  class=' tile-inner  ftg-lightbox' href='https:\/\/inspiring-nature.com\/wp-content\/uploads\/2020\/04\/Chrysis-longula-5x-stitch-1-1024x676.jpg' ><img alt='Chrysis longula' class='item skip-lazy' data-class='item' data-ftg-source='http:\/\/inspiring-nature.com\/wp-content\/uploads\/2020\/04\/Chrysis-longula-5x-stitch-1-1024x676.jpg' src='http:\/\/inspiring-nature.com\/wp-content\/uploads\/2020\/04\/Chrysis-longula-5x-stitch-1-1024x676.jpg' width='2000' height='1320' \/><div class='caption-block'><div class='text-wrapper'><span class='title'>Chrysis longula<\/span><\/div><\/div><\/a><div class='ftg-social'><\/div><\/div><div  class='tile ftg-preload  '><a title=\"Heuschrecke Stitch\"  rel='ftg-11'  class=' tile-inner  ' href='http:\/\/inspiring-nature.com\/?p=129' ><img alt='Heuschrecke Stitch' class='item skip-lazy' data-class='item' data-ftg-source='http:\/\/inspiring-nature.com\/wp-content\/uploads\/2019\/11\/Heuschrecke-Stitch-1024x457.jpg' src='http:\/\/inspiring-nature.com\/wp-content\/uploads\/2019\/11\/Heuschrecke-Stitch-1024x457.jpg' width='1920' height='856' \/><div class='caption-block'><div class='text-wrapper'><span class='title'>Heuschrecke Stitch<\/span><\/div><\/div><\/a><div class='ftg-social'><\/div><\/div><div  class='tile ftg-preload  '><a title=\"schwarzer K\u00e4fer \" data-lightbox='ftg-11' rel='ftg-11'  class=' tile-inner  ftg-lightbox' href='https:\/\/inspiring-nature.com\/wp-content\/uploads\/2020\/04\/schwarzer-K\u00e4fer-5x-stitch-2-1024x451.jpg' ><img alt='schwarzer K\u00e4fer ' class='item skip-lazy' data-class='item' data-ftg-source='http:\/\/inspiring-nature.com\/wp-content\/uploads\/2020\/04\/schwarzer-K\u00e4fer-5x-stitch-2-1024x451.jpg' src='http:\/\/inspiring-nature.com\/wp-content\/uploads\/2020\/04\/schwarzer-K\u00e4fer-5x-stitch-2-1024x451.jpg' width='2000' height='881' \/><div class='caption-block'><div class='text-wrapper'><span class='title'>schwarzer K\u00e4fer <\/span><\/div><\/div><\/a><div class='ftg-social'><\/div><\/div><div  class='tile ftg-preload  '><a title=\"Goldwespe\" data-lightbox='ftg-11' rel='ftg-11'  class=' tile-inner  ftg-lightbox' href='https:\/\/inspiring-nature.com\/wp-content\/uploads\/2019\/11\/Goldwespe-5x-stitchk-1024x749.jpg' ><img alt='Goldwespe' class='item skip-lazy' data-class='item' data-ftg-source='http:\/\/inspiring-nature.com\/wp-content\/uploads\/2019\/11\/Goldwespe-5x-stitchk-1024x749.jpg' src='http:\/\/inspiring-nature.com\/wp-content\/uploads\/2019\/11\/Goldwespe-5x-stitchk-1024x749.jpg' width='1280' height='936' \/><div class='caption-block'><div class='text-wrapper'><span class='title'>Goldwespe<\/span><\/div><\/div><\/a><div class='ftg-social'><\/div><\/div><div  class='tile ftg-preload  '><a title=\"schwarzer K\u00e4fer 5x stitch 1\" data-lightbox='ftg-11' rel='ftg-11'  class=' tile-inner  ftg-lightbox' href='https:\/\/inspiring-nature.com\/wp-content\/uploads\/2020\/04\/schwarzer-K\u00e4fer-5x-stitch-1-1024x942.jpg' ><img alt='schwarzer K\u00e4fer 5x stitch 1' class='item skip-lazy' data-class='item' data-ftg-source='http:\/\/inspiring-nature.com\/wp-content\/uploads\/2020\/04\/schwarzer-K\u00e4fer-5x-stitch-1-1024x942.jpg' src='http:\/\/inspiring-nature.com\/wp-content\/uploads\/2020\/04\/schwarzer-K\u00e4fer-5x-stitch-1-1024x942.jpg' width='2000' height='1840' \/><div class='caption-block'><div class='text-wrapper'><span class='title'>schwarzer K\u00e4fer 5x stitch 1<\/span><\/div><\/div><\/a><div class='ftg-social'><\/div><\/div><div  class='tile ftg-preload  '><a title=\"Urania 10x 5\" data-lightbox='ftg-11' rel='ftg-11'  class=' tile-inner  ftg-lightbox' href='https:\/\/inspiring-nature.com\/wp-content\/uploads\/2019\/11\/Urania-10x-5-683x1024.jpg' ><img alt='Urania 10x 5' class='item skip-lazy' data-class='item' data-ftg-source='http:\/\/inspiring-nature.com\/wp-content\/uploads\/2019\/11\/Urania-10x-5-683x1024.jpg' src='http:\/\/inspiring-nature.com\/wp-content\/uploads\/2019\/11\/Urania-10x-5-683x1024.jpg' width='3456' height='5184' \/><div class='caption-block'><div class='text-wrapper'><span class='title'>Urania 10x 5<\/span><\/div><\/div><\/a><div class='ftg-social'><\/div><\/div><div  class='tile ftg-preload  '><a title=\"Wanze 5x 1 stitch\" data-lightbox='ftg-11' rel='ftg-11'  class=' tile-inner  ftg-lightbox' href='https:\/\/inspiring-nature.com\/wp-content\/uploads\/2019\/11\/Wanze-5x-1-stitch-1024x683.jpg' ><img alt='Wanze 5x 1 stitch' class='item skip-lazy' data-class='item' data-ftg-source='http:\/\/inspiring-nature.com\/wp-content\/uploads\/2019\/11\/Wanze-5x-1-stitch-1024x683.jpg' src='http:\/\/inspiring-nature.com\/wp-content\/uploads\/2019\/11\/Wanze-5x-1-stitch-1024x683.jpg' width='5184' height='3456' \/><div class='caption-block'><div class='text-wrapper'><span class='title'>Wanze 5x 1 stitch<\/span><\/div><\/div><\/a><div class='ftg-social'><\/div><\/div><div  class='tile ftg-preload  '><a title=\"Urania 10x 3\" data-lightbox='ftg-11' rel='ftg-11'  class=' tile-inner  ftg-lightbox' href='https:\/\/inspiring-nature.com\/wp-content\/uploads\/2019\/11\/Urania-10x-3-1024x683.jpg' ><img alt='Urania 10x 3' class='item skip-lazy' data-class='item' data-ftg-source='http:\/\/inspiring-nature.com\/wp-content\/uploads\/2019\/11\/Urania-10x-3-1024x683.jpg' src='http:\/\/inspiring-nature.com\/wp-content\/uploads\/2019\/11\/Urania-10x-3-1024x683.jpg' width='4000' height='2667' \/><div class='caption-block'><div class='text-wrapper'><span class='title'>Urania 10x 3<\/span><\/div><\/div><\/a><div class='ftg-social'><\/div><\/div><div  class='tile ftg-preload  '><a title=\"motte 2 5x 1\" data-lightbox='ftg-11' rel='ftg-11'  class=' tile-inner  ftg-lightbox' href='https:\/\/inspiring-nature.com\/wp-content\/uploads\/2019\/11\/motte-2-5x-1-1024x683.jpg' ><img alt='motte 2 5x 1' class='item skip-lazy' data-class='item' data-ftg-source='http:\/\/inspiring-nature.com\/wp-content\/uploads\/2019\/11\/motte-2-5x-1-1024x683.jpg' src='http:\/\/inspiring-nature.com\/wp-content\/uploads\/2019\/11\/motte-2-5x-1-1024x683.jpg' width='1500' height='1000' \/><div class='caption-block'><div class='text-wrapper'><span class='title'>motte 2 5x 1<\/span><\/div><\/div><\/a><div class='ftg-social'><\/div><\/div><div  class='tile ftg-preload  '><a title=\"Fliege V3 5x stitch 1\" data-lightbox='ftg-11' rel='ftg-11'  class=' tile-inner  ftg-lightbox' href='https:\/\/inspiring-nature.com\/wp-content\/uploads\/2019\/11\/Fliege-V3-5x-stitch-1-990x1024.jpg' ><img alt='Fliege V3 5x stitch 1' class='item skip-lazy' data-class='item' data-ftg-source='http:\/\/inspiring-nature.com\/wp-content\/uploads\/2019\/11\/Fliege-V3-5x-stitch-1-990x1024.jpg' src='http:\/\/inspiring-nature.com\/wp-content\/uploads\/2019\/11\/Fliege-V3-5x-stitch-1-990x1024.jpg' width='5089' height='5266' \/><div class='caption-block'><div class='text-wrapper'><span class='title'>Fliege V3 5x stitch 1<\/span><\/div><\/div><\/a><div class='ftg-social'><\/div><\/div><div  class='tile ftg-preload  '><a title=\"Guadeloupe Ameise 5x stitch2k\" data-lightbox='ftg-11' rel='ftg-11'  class=' tile-inner  ftg-lightbox' href='https:\/\/inspiring-nature.com\/wp-content\/uploads\/2019\/12\/Guadeloupe-Ameise-5x-stitch2k-1024x709.jpg' ><img alt='Guadeloupe Ameise 5x stitch2k' class='item skip-lazy' data-class='item' data-ftg-source='http:\/\/inspiring-nature.com\/wp-content\/uploads\/2019\/12\/Guadeloupe-Ameise-5x-stitch2k-1024x709.jpg' src='http:\/\/inspiring-nature.com\/wp-content\/uploads\/2019\/12\/Guadeloupe-Ameise-5x-stitch2k-1024x709.jpg' width='3500' height='2425' \/><div class='caption-block'><div class='text-wrapper'><span class='title'>Guadeloupe Ameise 5x stitch2k<\/span><\/div><\/div><\/a><div class='ftg-social'><\/div><\/div><div  class='tile ftg-preload  '><a title=\"Schnabelfliege 6,3x stitch 1k\" data-lightbox='ftg-11' rel='ftg-11'  class=' tile-inner  ftg-lightbox' href='https:\/\/inspiring-nature.com\/wp-content\/uploads\/2019\/12\/Schnabelfliege-63x-stitch-1k-558x1024.jpg' ><img alt='Schnabelfliege 6,3x stitch 1k' class='item skip-lazy' data-class='item' data-ftg-source='http:\/\/inspiring-nature.com\/wp-content\/uploads\/2019\/12\/Schnabelfliege-63x-stitch-1k-558x1024.jpg' src='http:\/\/inspiring-nature.com\/wp-content\/uploads\/2019\/12\/Schnabelfliege-63x-stitch-1k-558x1024.jpg' width='3000' height='5509' \/><div class='caption-block'><div class='text-wrapper'><span class='title'>Schnabelfliege 6,3x stitch 1k<\/span><\/div><\/div><\/a><div class='ftg-social'><\/div><\/div><div  class='tile ftg-preload  '><a title=\"M\u00fccke 6.3x stitch2\" data-lightbox='ftg-11' rel='ftg-11'  class=' tile-inner  ftg-lightbox' href='https:\/\/inspiring-nature.com\/wp-content\/uploads\/2019\/12\/M\u00fccke-6.3x-stitch2-1024x987.jpg' ><img alt='M\u00fccke 6.3x stitch2' class='item skip-lazy' data-class='item' data-ftg-source='http:\/\/inspiring-nature.com\/wp-content\/uploads\/2019\/12\/M\u00fccke-6.3x-stitch2-1024x987.jpg' src='http:\/\/inspiring-nature.com\/wp-content\/uploads\/2019\/12\/M\u00fccke-6.3x-stitch2-1024x987.jpg' width='3000' height='2891' \/><div class='caption-block'><div class='text-wrapper'><span class='title'>M\u00fccke 6.3x stitch2<\/span><\/div><\/div><\/a><div class='ftg-social'><\/div><\/div><div  class='tile ftg-preload  '><a title=\"Schmetterlingsfl\u00fcgel mplan 5x stitch 5k\" data-lightbox='ftg-11' rel='ftg-11'  class=' tile-inner  ftg-lightbox' href='https:\/\/inspiring-nature.com\/wp-content\/uploads\/2019\/12\/Schmetterlingsfl\u00fcgel-mplan-5x-stitch-5k-982x1024.jpg' ><img alt='Schmetterlingsfl\u00fcgel mplan 5x stitch 5k' class='item skip-lazy' data-class='item' data-ftg-source='http:\/\/inspiring-nature.com\/wp-content\/uploads\/2019\/12\/Schmetterlingsfl\u00fcgel-mplan-5x-stitch-5k-982x1024.jpg' src='http:\/\/inspiring-nature.com\/wp-content\/uploads\/2019\/12\/Schmetterlingsfl\u00fcgel-mplan-5x-stitch-5k-982x1024.jpg' width='1500' height='1564' \/><div class='caption-block'><div class='text-wrapper'><span class='title'>Schmetterlingsfl\u00fcgel mplan 5x stitch 5k<\/span><\/div><\/div><\/a><div class='ftg-social'><\/div><\/div><div  class='tile ftg-preload  '><a title=\"Schmei\u00dffliege\" data-lightbox='ftg-11' rel='ftg-11'  class=' tile-inner  ftg-lightbox' href='https:\/\/inspiring-nature.com\/wp-content\/uploads\/2019\/12\/Fliege-1k-981x1024.jpg' ><img alt='Schmei\u00dffliege' class='item skip-lazy' data-class='item' data-ftg-source='http:\/\/inspiring-nature.com\/wp-content\/uploads\/2019\/12\/Fliege-1k-981x1024.jpg' src='http:\/\/inspiring-nature.com\/wp-content\/uploads\/2019\/12\/Fliege-1k-981x1024.jpg' width='1000' height='1044' \/><div class='caption-block'><div class='text-wrapper'><span class='title'>Schmei\u00dffliege<\/span><\/div><\/div><\/a><div class='ftg-social'><\/div><\/div><div  class='tile ftg-preload  '><a title=\"Hedychrum intermedium\" data-lightbox='ftg-11' rel='ftg-11'  class=' tile-inner  ftg-lightbox' href='https:\/\/inspiring-nature.com\/wp-content\/uploads\/2020\/04\/Hedychrum-intermedium-5x-1-1024x930.jpg' ><img alt='Hedychrum intermedium' class='item skip-lazy' data-class='item' data-ftg-source='http:\/\/inspiring-nature.com\/wp-content\/uploads\/2020\/04\/Hedychrum-intermedium-5x-1-1024x930.jpg' src='http:\/\/inspiring-nature.com\/wp-content\/uploads\/2020\/04\/Hedychrum-intermedium-5x-1-1024x930.jpg' width='2000' height='1817' \/><div class='caption-block'><div class='text-wrapper'><span class='title'>Hedychrum intermedium<\/span><\/div><\/div><\/a><div class='ftg-social'><\/div><\/div><div  class='tile ftg-preload  '><a title=\"Hedychrum gaerstaeckeri\" data-lightbox='ftg-11' rel='ftg-11'  class=' tile-inner  ftg-lightbox' href='https:\/\/inspiring-nature.com\/wp-content\/uploads\/2020\/04\/Hedychrum-gaerstaeckeri-1024x913.jpg' ><img alt='Hedychrum gaerstaeckeri' class='item skip-lazy' data-class='item' data-ftg-source='http:\/\/inspiring-nature.com\/wp-content\/uploads\/2020\/04\/Hedychrum-gaerstaeckeri-1024x913.jpg' src='http:\/\/inspiring-nature.com\/wp-content\/uploads\/2020\/04\/Hedychrum-gaerstaeckeri-1024x913.jpg' width='2000' height='1783' \/><div class='caption-block'><div class='text-wrapper'><span class='title'>Hedychrum gaerstaeckeri<\/span><\/div><\/div><\/a><div class='ftg-social'><\/div><\/div><div  class='tile ftg-preload  '><a title=\"Hedychrum gaerstaeckeri \" data-lightbox='ftg-11' rel='ftg-11'  class=' tile-inner  ftg-lightbox' href='https:\/\/inspiring-nature.com\/wp-content\/uploads\/2020\/04\/Hedychrum-gaerstaeckeri-63x-stitch-1k-1024x530.jpg' ><img alt='Hedychrum gaerstaeckeri ' class='item skip-lazy' data-class='item' data-ftg-source='http:\/\/inspiring-nature.com\/wp-content\/uploads\/2020\/04\/Hedychrum-gaerstaeckeri-63x-stitch-1k-1024x530.jpg' src='http:\/\/inspiring-nature.com\/wp-content\/uploads\/2020\/04\/Hedychrum-gaerstaeckeri-63x-stitch-1k-1024x530.jpg' width='2000' height='1035' \/><div class='caption-block'><div class='text-wrapper'><span class='title'>Hedychrum gaerstaeckeri <\/span><\/div><\/div><\/a><div class='ftg-social'><\/div><\/div><div  class='tile ftg-preload  '><a title=\"Oedemera nobilis\" data-lightbox='ftg-11' rel='ftg-11'  class=' tile-inner  ftg-lightbox' href='https:\/\/inspiring-nature.com\/wp-content\/uploads\/2020\/04\/Dunkelk\u00e4fer-5x-1-neu-789x1024.jpg' ><img alt='Oedemera nobilis' class='item skip-lazy' data-class='item' data-ftg-source='http:\/\/inspiring-nature.com\/wp-content\/uploads\/2020\/04\/Dunkelk\u00e4fer-5x-1-neu-789x1024.jpg' src='http:\/\/inspiring-nature.com\/wp-content\/uploads\/2020\/04\/Dunkelk\u00e4fer-5x-1-neu-789x1024.jpg' width='1541' height='2000' \/><div class='caption-block'><div class='text-wrapper'><span class='title'>Oedemera nobilis<\/span><\/div><\/div><\/a><div class='ftg-social'><\/div><\/div><div  class='tile ftg-preload  '><a title=\"Cormacks_12_5_inv\" data-lightbox='ftg-11' rel='ftg-11'  class=' tile-inner  ftg-lightbox' href='https:\/\/inspiring-nature.com\/wp-content\/uploads\/2022\/08\/Cormacks_12_5_inv-1007x1024.jpg' ><img alt='Cormacks_12_5_inv' class='item skip-lazy' data-class='item' data-ftg-source='http:\/\/inspiring-nature.com\/wp-content\/uploads\/2022\/08\/Cormacks_12_5_inv-1007x1024.jpg' src='http:\/\/inspiring-nature.com\/wp-content\/uploads\/2022\/08\/Cormacks_12_5_inv-1007x1024.jpg' width='2517' height='2560' \/><div class='caption-block'><div class='text-wrapper'><span class='title'>Cormacks_12_5_inv<\/span><\/div><\/div><\/a><div class='ftg-social'><\/div><\/div><div  class='tile ftg-preload  '><a title=\"Cormacks_6_3_ddf\" data-lightbox='ftg-11' rel='ftg-11'  class=' tile-inner  ftg-lightbox' href='https:\/\/inspiring-nature.com\/wp-content\/uploads\/2022\/08\/Cormacks_6_3_ddf-1009x1024.jpg' ><img alt='Cormacks_6_3_ddf' class='item skip-lazy' data-class='item' data-ftg-source='http:\/\/inspiring-nature.com\/wp-content\/uploads\/2022\/08\/Cormacks_6_3_ddf-1009x1024.jpg' src='http:\/\/inspiring-nature.com\/wp-content\/uploads\/2022\/08\/Cormacks_6_3_ddf-1009x1024.jpg' width='2523' height='2560' \/><div class='caption-block'><div class='text-wrapper'><span class='title'>Cormacks_6_3_ddf<\/span><\/div><\/div><\/a><div class='ftg-social'><\/div><\/div><div  class='tile ftg-preload  '><a title=\"Oamaru_120\" data-lightbox='ftg-11' rel='ftg-11'  class=' tile-inner  ftg-lightbox' href='https:\/\/inspiring-nature.com\/wp-content\/uploads\/2022\/06\/Oamaru_120-1024x632.jpg' ><img alt='Oamaru_120' class='item skip-lazy' data-class='item' data-ftg-source='http:\/\/inspiring-nature.com\/wp-content\/uploads\/2022\/06\/Oamaru_120-1024x632.jpg' src='http:\/\/inspiring-nature.com\/wp-content\/uploads\/2022\/06\/Oamaru_120-1024x632.jpg' width='2560' height='1581' \/><div class='caption-block'><div class='text-wrapper'><span class='title'>Oamaru_120<\/span><\/div><\/div><\/a><div class='ftg-social'><\/div><\/div><div  class='tile ftg-preload  '><a title=\"Cormacks_6_3\" data-lightbox='ftg-11' rel='ftg-11'  class=' tile-inner  ftg-lightbox' href='https:\/\/inspiring-nature.com\/wp-content\/uploads\/2022\/08\/Cormacks_6_3-1009x1024.jpg' ><img alt='Cormacks_6_3' class='item skip-lazy' data-class='item' data-ftg-source='http:\/\/inspiring-nature.com\/wp-content\/uploads\/2022\/08\/Cormacks_6_3-1009x1024.jpg' src='http:\/\/inspiring-nature.com\/wp-content\/uploads\/2022\/08\/Cormacks_6_3-1009x1024.jpg' width='2523' height='2560' \/><div class='caption-block'><div class='text-wrapper'><span class='title'>Cormacks_6_3<\/span><\/div><\/div><\/a><div class='ftg-social'><\/div><\/div><\/div><\/div><script type='text\/javascript'>jQuery('#ftg-11 img.item').removeAttr('src');jQuery(document).ready(function () {setTimeout(function () {jQuery('#ftg-11').finalTilesGallery({minTileWidth: 250,margin: 10,loadMethod: 'sequential',nonce: '03de9c0773',galleryId: '1',setupFilters: true,layout: 'columns',debug: false,gridSize: 25,disableGridSizeBelow:800,allowEnlargement: true,columns: [[4000, 3],[1024, 4],[800, 3],[480, 3],[320, 2]],selectedFilter: 'n-a'});jQuery(function () {(function () {var rel = '';jQuery('#ftg-11 .ftg-lightbox').click(function (e) {rel = jQuery(this).attr('rel');jQuery('#ftg-11 .ftg-current').removeClass('ftg-current');jQuery('#ftg-11 [rel=\"'+rel+'\"]').addClass('ftg-current');});})();});}, 0);});<\/script><\/div>\n\n\n\n<p>Here is a gallery of some of my favourite photos. &#8211; Jan Rosenboom, Inspiring Nature<\/p>\n\n\n\n<p>It is a wide variety of microscopy photos, including insect and diatom images.<\/p>\n\n\n\n<p><\/p>\n","protected":false},"excerpt":{"rendered":"<p>Here is a gallery of some of my favourite photos. &#8211; Jan Rosenboom, Inspiring Nature It is a wide variety of microscopy photos, including insect and diatom images.<\/p>\n","protected":false},"author":1,"featured_media":0,"parent":0,"menu_order":0,"comment_status":"closed","ping_status":"closed","template":"","meta":{"sfsi_plus_gutenberg_text_before_share":"","sfsi_plus_gutenberg_show_text_before_share":"","sfsi_plus_gutenberg_icon_type":"","sfsi_plus_gutenberg_icon_alignemt":"","sfsi_plus_gutenburg_max_per_row":"","footnotes":""},"class_list":["post-15","page","type-page","status-publish","hentry"],"_links":{"self":[{"href":"https:\/\/inspiring-nature.com\/index.php?rest_route=\/wp\/v2\/pages\/15","targetHints":{"allow":["GET"]}}],"collection":[{"href":"https:\/\/inspiring-nature.com\/index.php?rest_route=\/wp\/v2\/pages"}],"about":[{"href":"https:\/\/inspiring-nature.com\/index.php?rest_route=\/wp\/v2\/types\/page"}],"author":[{"embeddable":true,"href":"https:\/\/inspiring-nature.com\/index.php?rest_route=\/wp\/v2\/users\/1"}],"replies":[{"embeddable":true,"href":"https:\/\/inspiring-nature.com\/index.php?rest_route=%2Fwp%2Fv2%2Fcomments&post=15"}],"version-history":[{"count":12,"href":"https:\/\/inspiring-nature.com\/index.php?rest_route=\/wp\/v2\/pages\/15\/revisions"}],"predecessor-version":[{"id":345,"href":"https:\/\/inspiring-nature.com\/index.php?rest_route=\/wp\/v2\/pages\/15\/revisions\/345"}],"wp:attachment":[{"href":"https:\/\/inspiring-nature.com\/index.php?rest_route=%2Fwp%2Fv2%2Fmedia&parent=15"}],"curies":[{"name":"wp","href":"https:\/\/api.w.org\/{rel}","templated":true}]}}